{"id":706,"date":"2023-01-18T10:53:52","date_gmt":"2023-01-18T10:53:52","guid":{"rendered":"https:\/\/migueldecervantestomelloso.com\/?page_id=706"},"modified":"2025-02-19T08:54:36","modified_gmt":"2025-02-19T08:54:36","slug":"admision-de-alumnos","status":"publish","type":"page","link":"https:\/\/migueldecervantestomelloso.com\/?page_id=706","title":{"rendered":"Admisi\u00f3n de Alumnos"},"content":{"rendered":"\t\t<div data-elementor-type=\"wp-page\" data-elementor-id=\"706\" class=\"elementor elementor-706\">\n\t\t\t\t\t\t<section class=\"elementor-section elementor-top-section elementor-element elementor-element-6a8e34a elementor-section-boxed elementor-section-height-default elementor-section-height-default\" data-id=\"6a8e34a\" data-element_type=\"section\" data-e-type=\"section\">\n\t\t\t\t\t\t<div class=\"elementor-container elementor-column-gap-default\">\n\t\t\t\t\t<div class=\"elementor-column elementor-col-66 elementor-top-column elementor-element elementor-element-1769db7\" data-id=\"1769db7\" data-element_type=\"column\" data-e-type=\"column\">\n\t\t\t<div class=\"elementor-widget-wrap elementor-element-populated\">\n\t\t\t\t\t\t<div class=\"elementor-element elementor-element-8a1a5a4 elementor-widget elementor-widget-text-editor\" data-id=\"8a1a5a4\" data-element_type=\"widget\" data-e-type=\"widget\" data-widget_type=\"text-editor.default\">\n\t\t\t\t<div class=\"elementor-widget-container\">\n\t\t\t\t\t\t\t\t\t<h1 style=\"text-align: center;\"><span style=\"color: #000080;\">ADMISION pr\u00f3ximo curso 2025\/26<\/span><\/h1>\t\t\t\t\t\t\t\t<\/div>\n\t\t\t\t<\/div>\n\t\t\t\t\t<\/div>\n\t\t<\/div>\n\t\t\t\t<div class=\"elementor-column elementor-col-33 elementor-top-column elementor-element elementor-element-f929f69\" data-id=\"f929f69\" data-element_type=\"column\" data-e-type=\"column\">\n\t\t\t<div class=\"elementor-widget-wrap elementor-element-populated\">\n\t\t\t\t\t\t<div class=\"elementor-element elementor-element-29f5287 elementor-widget elementor-widget-image\" data-id=\"29f5287\" data-element_type=\"widget\" data-e-type=\"widget\" data-widget_type=\"image.default\">\n\t\t\t\t<div class=\"elementor-widget-container\">\n\t\t\t\t\t\t\t\t\t\t\t\t\t\t\t\t<a href=\"https:\/\/www.educa.jccm.es\/es\/admision\/admision-2-ciclo-infantil-primaria-bachillerato\">\n\t\t\t\t\t\t\t<img fetchpriority=\"high\" decoding=\"async\" width=\"383\" height=\"154\" src=\"https:\/\/migueldecervantestomelloso.com\/wp-content\/uploads\/2025\/02\/logo-1.jpg\" class=\"attachment-large size-large wp-image-1055\" alt=\"\" srcset=\"https:\/\/migueldecervantestomelloso.com\/wp-content\/uploads\/2025\/02\/logo-1.jpg 383w, https:\/\/migueldecervantestomelloso.com\/wp-content\/uploads\/2025\/02\/logo-1-300x121.jpg 300w\" sizes=\"(max-width: 383px) 100vw, 383px\" \/>\t\t\t\t\t\t\t\t<\/a>\n\t\t\t\t\t\t\t\t\t\t\t\t\t\t\t<\/div>\n\t\t\t\t<\/div>\n\t\t\t\t\t<\/div>\n\t\t<\/div>\n\t\t\t\t\t<\/div>\n\t\t<\/section>\n\t\t\t\t<section class=\"elementor-section elementor-top-section elementor-element elementor-element-a7d4cdc elementor-section-boxed elementor-section-height-default elementor-section-height-default\" data-id=\"a7d4cdc\" data-element_type=\"section\" data-e-type=\"section\">\n\t\t\t\t\t\t<div class=\"elementor-container elementor-column-gap-default\">\n\t\t\t\t\t<div class=\"elementor-column elementor-col-25 elementor-top-column elementor-element elementor-element-939a771\" data-id=\"939a771\" data-element_type=\"column\" data-e-type=\"column\">\n\t\t\t<div class=\"elementor-widget-wrap elementor-element-populated\">\n\t\t\t\t\t\t<div class=\"elementor-element elementor-element-002ba10 elementor-widget elementor-widget-image\" data-id=\"002ba10\" data-element_type=\"widget\" data-e-type=\"widget\" data-widget_type=\"image.default\">\n\t\t\t\t<div class=\"elementor-widget-container\">\n\t\t\t\t\t\t\t\t\t\t\t\t\t\t\t\t<a href=\"http:\/\/migueldecervantestomelloso.com\/wp-content\/uploads\/2025\/02\/CartelAdmision2025-calendario.jpg\" data-elementor-open-lightbox=\"yes\" data-elementor-lightbox-title=\"CartelAdmision2025 calendario\" data-e-action-hash=\"#elementor-action%3Aaction%3Dlightbox%26settings%3DeyJpZCI6MTA1MiwidXJsIjoiaHR0cHM6XC9cL21pZ3VlbGRlY2VydmFudGVzdG9tZWxsb3NvLmNvbVwvd3AtY29udGVudFwvdXBsb2Fkc1wvMjAyNVwvMDJcL0NhcnRlbEFkbWlzaW9uMjAyNS1jYWxlbmRhcmlvLmpwZyJ9\">\n\t\t\t\t\t\t\t<img decoding=\"async\" width=\"724\" height=\"1024\" src=\"https:\/\/migueldecervantestomelloso.com\/wp-content\/uploads\/2025\/02\/CartelAdmision2025-calendario-724x1024.jpg\" class=\"attachment-large size-large wp-image-1052\" alt=\"\" srcset=\"https:\/\/migueldecervantestomelloso.com\/wp-content\/uploads\/2025\/02\/CartelAdmision2025-calendario-724x1024.jpg 724w, https:\/\/migueldecervantestomelloso.com\/wp-content\/uploads\/2025\/02\/CartelAdmision2025-calendario-212x300.jpg 212w, https:\/\/migueldecervantestomelloso.com\/wp-content\/uploads\/2025\/02\/CartelAdmision2025-calendario-768x1086.jpg 768w, https:\/\/migueldecervantestomelloso.com\/wp-content\/uploads\/2025\/02\/CartelAdmision2025-calendario-1086x1536.jpg 1086w, https:\/\/migueldecervantestomelloso.com\/wp-content\/uploads\/2025\/02\/CartelAdmision2025-calendario-1448x2048.jpg 1448w, https:\/\/migueldecervantestomelloso.com\/wp-content\/uploads\/2025\/02\/CartelAdmision2025-calendario.jpg 1654w\" sizes=\"(max-width: 724px) 100vw, 724px\" \/>\t\t\t\t\t\t\t\t<\/a>\n\t\t\t\t\t\t\t\t\t\t\t\t\t\t\t<\/div>\n\t\t\t\t<\/div>\n\t\t\t\t\t<\/div>\n\t\t<\/div>\n\t\t\t\t<div class=\"elementor-column elementor-col-50 elementor-top-column elementor-element elementor-element-b5a0d62\" data-id=\"b5a0d62\" data-element_type=\"column\" data-e-type=\"column\">\n\t\t\t<div class=\"elementor-widget-wrap elementor-element-populated\">\n\t\t\t\t\t\t<div class=\"elementor-element elementor-element-4093585 elementor-widget elementor-widget-text-editor\" data-id=\"4093585\" data-element_type=\"widget\" data-e-type=\"widget\" data-widget_type=\"text-editor.default\">\n\t\t\t\t<div class=\"elementor-widget-container\">\n\t\t\t\t\t\t\t\t\t<h3 style=\"text-align: center;\">El pr\u00f3ximo\u00a0<span style=\"text-decoration-line: underline; color: #0000ff;\">jueves 20 de febrero se abre plazo de presentaci\u00f3n de solicitudes<\/span>\u00a0para el pr\u00f3ximo curso escolar. El plazo est\u00e1 abierto\u00a0<span style=\"text-decoration-line: underline; color: #0000ff;\"><strong>hasta el jueves 6 de marzo<\/strong><\/span>.<\/h3><h4 style=\"text-align: center;\">Las familias con hijos nacidos en el 2022 y aquellas cuyos hijos terminan\u00a0 sexto de educaci\u00f3n primaria est\u00e1n convocadas a solicitar una plaza en educaci\u00f3n infantil y ESO, respectivamente.<\/h4><h4 style=\"text-align: center;\">As\u00ed mismo, todo aquella familia que quiera cambiar a sus hijos de colegio, ahora es el momento de solicitarlo.<\/h4><p style=\"text-align: center;\"><a href=\"https:\/\/www.educa.jccm.es\/es\/admision\/admision-2-ciclo-infantil-primaria-bachillerato\/guias-proceso-admision-2-ciclo-educacion-infantil-primaria\"><strong><span style=\"color: #0000ff;\">GUIA PARA LAS FAMILIAS<\/span><\/strong><\/a><\/p>\t\t\t\t\t\t\t\t<\/div>\n\t\t\t\t<\/div>\n\t\t\t\t\t<\/div>\n\t\t<\/div>\n\t\t\t\t<div class=\"elementor-column elementor-col-25 elementor-top-column elementor-element elementor-element-e8ce119\" data-id=\"e8ce119\" data-element_type=\"column\" data-e-type=\"column\">\n\t\t\t<div class=\"elementor-widget-wrap elementor-element-populated\">\n\t\t\t\t\t\t<div class=\"elementor-element elementor-element-52c7d7d elementor-widget elementor-widget-image\" data-id=\"52c7d7d\" data-element_type=\"widget\" data-e-type=\"widget\" data-widget_type=\"image.default\">\n\t\t\t\t<div class=\"elementor-widget-container\">\n\t\t\t\t\t\t\t\t\t\t\t\t\t\t\t\t<a href=\"http:\/\/migueldecervantestomelloso.com\/wp-content\/uploads\/2025\/02\/BAREMO.jpg\" data-elementor-open-lightbox=\"yes\" data-elementor-lightbox-title=\"BAREMO\" data-e-action-hash=\"#elementor-action%3Aaction%3Dlightbox%26settings%3DeyJpZCI6MTA1MSwidXJsIjoiaHR0cHM6XC9cL21pZ3VlbGRlY2VydmFudGVzdG9tZWxsb3NvLmNvbVwvd3AtY29udGVudFwvdXBsb2Fkc1wvMjAyNVwvMDJcL0JBUkVNTy5qcGcifQ%3D%3D\">\n\t\t\t\t\t\t\t<img decoding=\"async\" width=\"724\" height=\"1024\" src=\"https:\/\/migueldecervantestomelloso.com\/wp-content\/uploads\/2025\/02\/BAREMO-724x1024.jpg\" class=\"attachment-large size-large wp-image-1051\" alt=\"\" srcset=\"https:\/\/migueldecervantestomelloso.com\/wp-content\/uploads\/2025\/02\/BAREMO-724x1024.jpg 724w, https:\/\/migueldecervantestomelloso.com\/wp-content\/uploads\/2025\/02\/BAREMO-212x300.jpg 212w, https:\/\/migueldecervantestomelloso.com\/wp-content\/uploads\/2025\/02\/BAREMO-768x1086.jpg 768w, https:\/\/migueldecervantestomelloso.com\/wp-content\/uploads\/2025\/02\/BAREMO-1086x1536.jpg 1086w, https:\/\/migueldecervantestomelloso.com\/wp-content\/uploads\/2025\/02\/BAREMO-1448x2048.jpg 1448w, https:\/\/migueldecervantestomelloso.com\/wp-content\/uploads\/2025\/02\/BAREMO.jpg 1654w\" sizes=\"(max-width: 724px) 100vw, 724px\" \/>\t\t\t\t\t\t\t\t<\/a>\n\t\t\t\t\t\t\t\t\t\t\t\t\t\t\t<\/div>\n\t\t\t\t<\/div>\n\t\t\t\t\t<\/div>\n\t\t<\/div>\n\t\t\t\t\t<\/div>\n\t\t<\/section>\n\t\t\t\t<section class=\"elementor-section elementor-top-section elementor-element elementor-element-7702ca4 elementor-section-boxed elementor-section-height-default elementor-section-height-default\" data-id=\"7702ca4\" data-element_type=\"section\" data-e-type=\"section\">\n\t\t\t\t\t\t<div class=\"elementor-container elementor-column-gap-default\">\n\t\t\t\t\t<div class=\"elementor-column elementor-col-100 elementor-top-column elementor-element elementor-element-6243b41\" data-id=\"6243b41\" data-element_type=\"column\" data-e-type=\"column\">\n\t\t\t<div class=\"elementor-widget-wrap elementor-element-populated\">\n\t\t\t\t\t\t<div class=\"elementor-element elementor-element-6a5fe90 elementor-widget elementor-widget-text-editor\" data-id=\"6a5fe90\" data-element_type=\"widget\" data-e-type=\"widget\" data-widget_type=\"text-editor.default\">\n\t\t\t\t<div class=\"elementor-widget-container\">\n\t\t\t\t\t\t\t\t\t<h1 style=\"text-align: center;\"><span style=\"color: #800080;\">INFORMACION PROCESOS DE ADMISION<\/span><\/h1>\t\t\t\t\t\t\t\t<\/div>\n\t\t\t\t<\/div>\n\t\t\t\t\t<\/div>\n\t\t<\/div>\n\t\t\t\t\t<\/div>\n\t\t<\/section>\n\t\t\t\t<section class=\"elementor-section elementor-top-section elementor-element elementor-element-121f5e3 elementor-section-boxed elementor-section-height-default elementor-section-height-default\" data-id=\"121f5e3\" data-element_type=\"section\" data-e-type=\"section\">\n\t\t\t\t\t\t<div class=\"elementor-container elementor-column-gap-default\">\n\t\t\t\t\t<div class=\"elementor-column elementor-col-100 elementor-top-column elementor-element elementor-element-ac6bda7\" data-id=\"ac6bda7\" data-element_type=\"column\" data-e-type=\"column\">\n\t\t\t<div class=\"elementor-widget-wrap elementor-element-populated\">\n\t\t\t\t\t\t<div class=\"elementor-element elementor-element-2e208fd elementor-widget elementor-widget-text-editor\" data-id=\"2e208fd\" data-element_type=\"widget\" data-e-type=\"widget\" data-widget_type=\"text-editor.default\">\n\t\t\t\t<div class=\"elementor-widget-container\">\n\t\t\t\t\t\t\t\t\t<h1 style=\"text-align: center;\"><span style=\"color: #000080;\">\u00c1reas de Influencia<\/span><\/h1>\t\t\t\t\t\t\t\t<\/div>\n\t\t\t\t<\/div>\n\t\t\t\t\t<\/div>\n\t\t<\/div>\n\t\t\t\t\t<\/div>\n\t\t<\/section>\n\t\t\t\t<section class=\"elementor-section elementor-top-section elementor-element elementor-element-75d31cd elementor-section-boxed elementor-section-height-default elementor-section-height-default\" data-id=\"75d31cd\" data-element_type=\"section\" data-e-type=\"section\">\n\t\t\t\t\t\t<div class=\"elementor-container elementor-column-gap-default\">\n\t\t\t\t\t<div class=\"elementor-column elementor-col-100 elementor-top-column elementor-element elementor-element-870778a\" data-id=\"870778a\" data-element_type=\"column\" data-e-type=\"column\">\n\t\t\t<div class=\"elementor-widget-wrap elementor-element-populated\">\n\t\t\t\t\t\t<div class=\"elementor-element elementor-element-9fe344f elementor-widget elementor-widget-image\" data-id=\"9fe344f\" data-element_type=\"widget\" data-e-type=\"widget\" data-widget_type=\"image.default\">\n\t\t\t\t<div class=\"elementor-widget-container\">\n\t\t\t\t\t\t\t\t\t\t\t\t\t\t\t<img loading=\"lazy\" decoding=\"async\" width=\"1536\" height=\"1242\" src=\"https:\/\/migueldecervantestomelloso.com\/wp-content\/uploads\/2025\/02\/Plano-de-Tomelloso-2025-1-1536x1242.jpg\" class=\"attachment-1536x1536 size-1536x1536 wp-image-1157\" alt=\"\" srcset=\"https:\/\/migueldecervantestomelloso.com\/wp-content\/uploads\/2025\/02\/Plano-de-Tomelloso-2025-1-1536x1242.jpg 1536w, https:\/\/migueldecervantestomelloso.com\/wp-content\/uploads\/2025\/02\/Plano-de-Tomelloso-2025-1-300x243.jpg 300w, https:\/\/migueldecervantestomelloso.com\/wp-content\/uploads\/2025\/02\/Plano-de-Tomelloso-2025-1-1024x828.jpg 1024w, https:\/\/migueldecervantestomelloso.com\/wp-content\/uploads\/2025\/02\/Plano-de-Tomelloso-2025-1-768x621.jpg 768w, https:\/\/migueldecervantestomelloso.com\/wp-content\/uploads\/2025\/02\/Plano-de-Tomelloso-2025-1-2048x1656.jpg 2048w\" sizes=\"(max-width: 1536px) 100vw, 1536px\" \/>\t\t\t\t\t\t\t\t\t\t\t\t\t\t\t<\/div>\n\t\t\t\t<\/div>\n\t\t\t\t\t<\/div>\n\t\t<\/div>\n\t\t\t\t\t<\/div>\n\t\t<\/section>\n\t\t\t\t<section class=\"elementor-section elementor-top-section elementor-element elementor-element-05aa7b4 elementor-section-boxed elementor-section-height-default elementor-section-height-default\" data-id=\"05aa7b4\" data-element_type=\"section\" data-e-type=\"section\">\n\t\t\t\t\t\t<div class=\"elementor-container elementor-column-gap-default\">\n\t\t\t\t\t<div class=\"elementor-column elementor-col-100 elementor-top-column elementor-element elementor-element-06a172a\" data-id=\"06a172a\" data-element_type=\"column\" data-e-type=\"column\">\n\t\t\t<div class=\"elementor-widget-wrap elementor-element-populated\">\n\t\t\t\t\t\t<section class=\"elementor-section elementor-inner-section elementor-element elementor-element-260c37a elementor-section-boxed elementor-section-height-default elementor-section-height-default\" data-id=\"260c37a\" data-element_type=\"section\" data-e-type=\"section\">\n\t\t\t\t\t\t<div class=\"elementor-container elementor-column-gap-default\">\n\t\t\t\t\t<div class=\"elementor-column elementor-col-50 elementor-inner-column elementor-element elementor-element-20f2a23\" data-id=\"20f2a23\" data-element_type=\"column\" data-e-type=\"column\">\n\t\t\t<div class=\"elementor-widget-wrap elementor-element-populated\">\n\t\t\t\t\t\t<div class=\"elementor-element elementor-element-5dc7ab2 elementor-widget elementor-widget-video\" data-id=\"5dc7ab2\" data-element_type=\"widget\" data-e-type=\"widget\" data-settings=\"{&quot;youtube_url&quot;:&quot;https:\\\/\\\/www.youtube.com\\\/watch?v=5ARnNc7RMHg&quot;,&quot;video_type&quot;:&quot;youtube&quot;,&quot;controls&quot;:&quot;yes&quot;}\" data-widget_type=\"video.default\">\n\t\t\t\t<div class=\"elementor-widget-container\">\n\t\t\t\t\t\t\t<div class=\"elementor-wrapper elementor-open-inline\">\n\t\t\t<div class=\"elementor-video\"><\/div>\t\t<\/div>\n\t\t\t\t\t\t<\/div>\n\t\t\t\t<\/div>\n\t\t\t\t\t<\/div>\n\t\t<\/div>\n\t\t\t\t<div class=\"elementor-column elementor-col-50 elementor-inner-column elementor-element elementor-element-baaa901\" data-id=\"baaa901\" data-element_type=\"column\" data-e-type=\"column\">\n\t\t\t<div class=\"elementor-widget-wrap elementor-element-populated\">\n\t\t\t\t\t\t<div class=\"elementor-element elementor-element-53ea722 elementor-invisible elementor-widget elementor-widget-heading\" data-id=\"53ea722\" data-element_type=\"widget\" data-e-type=\"widget\" data-settings=\"{&quot;_animation&quot;:&quot;fadeIn&quot;}\" data-widget_type=\"heading.default\">\n\t\t\t\t<div class=\"elementor-widget-container\">\n\t\t\t\t\t<h2 class=\"elementor-heading-title elementor-size-default\">NUESTRO CENTRO<\/h2>\t\t\t\t<\/div>\n\t\t\t\t<\/div>\n\t\t\t\t\t<\/div>\n\t\t<\/div>\n\t\t\t\t\t<\/div>\n\t\t<\/section>\n\t\t\t\t<div class=\"elementor-element elementor-element-fd43ace elementor-widget elementor-widget-video\" data-id=\"fd43ace\" data-element_type=\"widget\" data-e-type=\"widget\" data-settings=\"{&quot;youtube_url&quot;:&quot;https:\\\/\\\/www.youtube.com\\\/watch?v=v_hqPLuDpno&quot;,&quot;video_type&quot;:&quot;youtube&quot;,&quot;controls&quot;:&quot;yes&quot;}\" data-widget_type=\"video.default\">\n\t\t\t\t<div class=\"elementor-widget-container\">\n\t\t\t\t\t\t\t<div class=\"elementor-wrapper elementor-open-inline\">\n\t\t\t<div class=\"elementor-video\"><\/div>\t\t<\/div>\n\t\t\t\t\t\t<\/div>\n\t\t\t\t<\/div>\n\t\t\t\t\t<\/div>\n\t\t<\/div>\n\t\t\t\t\t<\/div>\n\t\t<\/section>\n\t\t\t\t<\/div>\n\t\t","protected":false},"excerpt":{"rendered":"<p>ADMISION pr\u00f3ximo curso 2025\/26 El pr\u00f3ximo\u00a0jueves 20 de febrero se abre plazo de presentaci\u00f3n de solicitudes\u00a0para el pr\u00f3ximo curso escolar. &hellip; <\/p>\n<div class=\"pvc_clear\"><\/div>\n<p id=\"pvc_stats_706\" class=\"pvc_stats all  \" data-element-id=\"706\" style=\"\"><i class=\"pvc-stats-icon medium\" aria-hidden=\"true\"><svg aria-hidden=\"true\" focusable=\"false\" data-prefix=\"far\" data-icon=\"chart-bar\" role=\"img\" xmlns=\"http:\/\/www.w3.org\/2000\/svg\" viewBox=\"0 0 512 512\" class=\"svg-inline--fa fa-chart-bar fa-w-16 fa-2x\"><path fill=\"currentColor\" d=\"M396.8 352h22.4c6.4 0 12.8-6.4 12.8-12.8V108.8c0-6.4-6.4-12.8-12.8-12.8h-22.4c-6.4 0-12.8 6.4-12.8 12.8v230.4c0 6.4 6.4 12.8 12.8 12.8zm-192 0h22.4c6.4 0 12.8-6.4 12.8-12.8V140.8c0-6.4-6.4-12.8-12.8-12.8h-22.4c-6.4 0-12.8 6.4-12.8 12.8v198.4c0 6.4 6.4 12.8 12.8 12.8zm96 0h22.4c6.4 0 12.8-6.4 12.8-12.8V204.8c0-6.4-6.4-12.8-12.8-12.8h-22.4c-6.4 0-12.8 6.4-12.8 12.8v134.4c0 6.4 6.4 12.8 12.8 12.8zM496 400H48V80c0-8.84-7.16-16-16-16H16C7.16 64 0 71.16 0 80v336c0 17.67 14.33 32 32 32h464c8.84 0 16-7.16 16-16v-16c0-8.84-7.16-16-16-16zm-387.2-48h22.4c6.4 0 12.8-6.4 12.8-12.8v-70.4c0-6.4-6.4-12.8-12.8-12.8h-22.4c-6.4 0-12.8 6.4-12.8 12.8v70.4c0 6.4 6.4 12.8 12.8 12.8z\" class=\"\"><\/path><\/svg><\/i> <img loading=\"lazy\" decoding=\"async\" width=\"16\" height=\"16\" alt=\"Loading\" src=\"https:\/\/migueldecervantestomelloso.com\/wp-content\/plugins\/page-views-count\/ajax-loader-2x.gif\" border=0 \/><\/p>\n<div class=\"pvc_clear\"><\/div>\n","protected":false},"author":1,"featured_media":0,"parent":0,"menu_order":0,"comment_status":"closed","ping_status":"closed","template":"","meta":{"om_disable_all_campaigns":false,"_monsterinsights_skip_tracking":false,"_monsterinsights_sitenote_active":false,"_monsterinsights_sitenote_note":"","_monsterinsights_sitenote_category":0,"footnotes":""},"class_list":["post-706","page","type-page","status-publish","hentry"],"aioseo_notices":[],"a3_pvc":{"activated":true,"total_views":0,"today_views":0},"_links":{"self":[{"href":"https:\/\/migueldecervantestomelloso.com\/index.php?rest_route=\/wp\/v2\/pages\/706","targetHints":{"allow":["GET"]}}],"collection":[{"href":"https:\/\/migueldecervantestomelloso.com\/index.php?rest_route=\/wp\/v2\/pages"}],"about":[{"href":"https:\/\/migueldecervantestomelloso.com\/index.php?rest_route=\/wp\/v2\/types\/page"}],"author":[{"embeddable":true,"href":"https:\/\/migueldecervantestomelloso.com\/index.php?rest_route=\/wp\/v2\/users\/1"}],"replies":[{"embeddable":true,"href":"https:\/\/migueldecervantestomelloso.com\/index.php?rest_route=%2Fwp%2Fv2%2Fcomments&post=706"}],"version-history":[{"count":31,"href":"https:\/\/migueldecervantestomelloso.com\/index.php?rest_route=\/wp\/v2\/pages\/706\/revisions"}],"predecessor-version":[{"id":1160,"href":"https:\/\/migueldecervantestomelloso.com\/index.php?rest_route=\/wp\/v2\/pages\/706\/revisions\/1160"}],"wp:attachment":[{"href":"https:\/\/migueldecervantestomelloso.com\/index.php?rest_route=%2Fwp%2Fv2%2Fmedia&parent=706"}],"curies":[{"name":"wp","href":"https:\/\/api.w.org\/{rel}","templated":true}]}}