{"id":732,"date":"2023-01-18T11:01:12","date_gmt":"2023-01-18T11:01:12","guid":{"rendered":"https:\/\/migueldecervantestomelloso.com\/?page_id=732"},"modified":"2025-03-13T13:00:28","modified_gmt":"2025-03-13T13:00:28","slug":"nuestra-historia","status":"publish","type":"page","link":"https:\/\/migueldecervantestomelloso.com\/?page_id=732","title":{"rendered":"Educando desde 1932"},"content":{"rendered":"\n<p>Colegio&nbsp;<strong>fundado durante la II Rep\u00fablica<\/strong>&nbsp;que ha mantenido a lo largo de los a\u00f1os una gran tradici\u00f3n educativa en nuestra localidad.<\/p>\n\n\n\n<p>Entre sus hitos se encuentra el haber patrocinado y promocionado un&nbsp;<strong>Concurso escolar de cuentos \u00abMiguel de Cervantes\u00bb&nbsp;<\/strong>que durante veinte ediciones estuvo a la vanguardia de la promoci\u00f3n de la escritura escolar a nivel nacional, llegando a publicar 3 volum\u00e9nes con sus obras premiadas.<\/p>\n\n\n\n<p>\u200bCon el nuevo siglo, entendi\u00f3 que los centros educativos se ten\u00edan que adaptar a los nuevos contextos sociales, y se convirti\u00f3 en uno de los primeros centros de la localidad en ofertar la Jornada Escolar cont\u00ednua, proveyendo de una interesante oferta extraescolar para su tarde educativa.<\/p>\n\n\n\n<p>\u200bSe subi\u00f3 en los albores de la introduci\u00f3n de las nuevas tecnolog\u00edas al \u00e1mbito escolar, creando una de las\u00a0<strong>primeras Aulas ALTHIA<\/strong>\u00a0dotada con las \u00faltimas tecnolog\u00edas, que abri\u00f3 el acceso de nuestro alumnado a las Tecnolog\u00edas de la Informaci\u00f3n y de la Comunicaci\u00f3n (TIC)<\/p>\n\n\n\n<p>\u200bFue uno de los primeros centros de Primaria en nuestra localidad en abrirse al exterior, y desde el curso 2005\/06 \u00a0y durante tres cursos escolares, desarrollamos un\u00a0<strong>proyecto europeo SOCRATES en su acci\u00f3n COMENIUS 1<\/strong>\u00a0de asociaci\u00f3n escolar llamado \u201cA treasure hidden in you\u201d, conjuntamente con Lagere School Rozenberg (Mol,B\u00e9lgica), la Szkola Podstawowa Z Oddzialami Integracyjnymi Nr 1 Im Karola MIARKI LE (Ledziny.Polonia) y la Szkola Podstawowa Nr7 Z Oddzialami Integracyjnymi Im. Jana Pawla Ii (Chiechanow, Polonia), fomentando la \u00a0educaci\u00f3n en valores en nuestros respectivos centros.<\/p>\n\n\n\n<p>\u200bEn el 2010, el centro desarroll\u00f3 un\u00a0<strong>Proyecto de Innovaci\u00f3n denominado \u201cH\u00e1bitos saludables a trav\u00e9s de la Educaci\u00f3n F\u00edsica\u201d<\/strong>, que abri\u00f3 el camino para liderar la formaci\u00f3n en valores y h\u00e1bitos relacionados con la pr\u00e1ctica diaria de actividad f\u00edsica y la salud, plasm\u00e1ndose a partir del curso 2016\/17 en una de las l\u00edneas de trabajo del centro, comprometi\u00e9ndose y convirti\u00e9ndose en uno de los primeros centros regionales en desarrollar un \u201c<strong>Proyecto Escolar Saludable<\/strong>\u201d.<\/p>\n\n\n\n<p>\u200b\u200bFruto de este camino abierto, en Octubre de 2019, se le reconoci\u00f3 con el\u00a0<strong>Premio Nacional CSD-Beactive<\/strong>\u00a0otorgado a centros educativos promotores de actividad f\u00edsica.<\/p>\n\n\n\n<p>\u200bA partir del curso 2019\/20, este centro se sum\u00f3 a la iniciativa nacional o Pacto de Estado contra la violencia de g\u00e9nero, poniendo en marcha distintas din\u00e1micas en marcadas en un novedoso\u00a0<strong>Plan de Igualdad de\u00a0Centro<\/strong>.<\/p>\n\n\n\n<p><\/p>\n<div class=\"pvc_clear\"><\/div><p id=\"pvc_stats_732\" class=\"pvc_stats all  \" data-element-id=\"732\" style=\"\"><i class=\"pvc-stats-icon medium\" aria-hidden=\"true\"><svg aria-hidden=\"true\" focusable=\"false\" data-prefix=\"far\" data-icon=\"chart-bar\" role=\"img\" xmlns=\"http:\/\/www.w3.org\/2000\/svg\" viewBox=\"0 0 512 512\" class=\"svg-inline--fa fa-chart-bar fa-w-16 fa-2x\"><path fill=\"currentColor\" d=\"M396.8 352h22.4c6.4 0 12.8-6.4 12.8-12.8V108.8c0-6.4-6.4-12.8-12.8-12.8h-22.4c-6.4 0-12.8 6.4-12.8 12.8v230.4c0 6.4 6.4 12.8 12.8 12.8zm-192 0h22.4c6.4 0 12.8-6.4 12.8-12.8V140.8c0-6.4-6.4-12.8-12.8-12.8h-22.4c-6.4 0-12.8 6.4-12.8 12.8v198.4c0 6.4 6.4 12.8 12.8 12.8zm96 0h22.4c6.4 0 12.8-6.4 12.8-12.8V204.8c0-6.4-6.4-12.8-12.8-12.8h-22.4c-6.4 0-12.8 6.4-12.8 12.8v134.4c0 6.4 6.4 12.8 12.8 12.8zM496 400H48V80c0-8.84-7.16-16-16-16H16C7.16 64 0 71.16 0 80v336c0 17.67 14.33 32 32 32h464c8.84 0 16-7.16 16-16v-16c0-8.84-7.16-16-16-16zm-387.2-48h22.4c6.4 0 12.8-6.4 12.8-12.8v-70.4c0-6.4-6.4-12.8-12.8-12.8h-22.4c-6.4 0-12.8 6.4-12.8 12.8v70.4c0 6.4 6.4 12.8 12.8 12.8z\" class=\"\"><\/path><\/svg><\/i> <img decoding=\"async\" width=\"16\" height=\"16\" alt=\"Loading\" src=\"https:\/\/migueldecervantestomelloso.com\/wp-content\/plugins\/page-views-count\/ajax-loader-2x.gif\" border=0 \/><\/p><div class=\"pvc_clear\"><\/div>","protected":false},"excerpt":{"rendered":"<p>Colegio&nbsp;fundado durante la II Rep\u00fablica&nbsp;que ha mantenido a lo largo de los a\u00f1os una gran tradici\u00f3n educativa en nuestra localidad. &hellip; <\/p>\n<div class=\"pvc_clear\"><\/div>\n<p id=\"pvc_stats_732\" class=\"pvc_stats all  \" data-element-id=\"732\" style=\"\"><i class=\"pvc-stats-icon medium\" aria-hidden=\"true\"><svg aria-hidden=\"true\" focusable=\"false\" data-prefix=\"far\" data-icon=\"chart-bar\" role=\"img\" xmlns=\"http:\/\/www.w3.org\/2000\/svg\" viewBox=\"0 0 512 512\" class=\"svg-inline--fa fa-chart-bar fa-w-16 fa-2x\"><path fill=\"currentColor\" d=\"M396.8 352h22.4c6.4 0 12.8-6.4 12.8-12.8V108.8c0-6.4-6.4-12.8-12.8-12.8h-22.4c-6.4 0-12.8 6.4-12.8 12.8v230.4c0 6.4 6.4 12.8 12.8 12.8zm-192 0h22.4c6.4 0 12.8-6.4 12.8-12.8V140.8c0-6.4-6.4-12.8-12.8-12.8h-22.4c-6.4 0-12.8 6.4-12.8 12.8v198.4c0 6.4 6.4 12.8 12.8 12.8zm96 0h22.4c6.4 0 12.8-6.4 12.8-12.8V204.8c0-6.4-6.4-12.8-12.8-12.8h-22.4c-6.4 0-12.8 6.4-12.8 12.8v134.4c0 6.4 6.4 12.8 12.8 12.8zM496 400H48V80c0-8.84-7.16-16-16-16H16C7.16 64 0 71.16 0 80v336c0 17.67 14.33 32 32 32h464c8.84 0 16-7.16 16-16v-16c0-8.84-7.16-16-16-16zm-387.2-48h22.4c6.4 0 12.8-6.4 12.8-12.8v-70.4c0-6.4-6.4-12.8-12.8-12.8h-22.4c-6.4 0-12.8 6.4-12.8 12.8v70.4c0 6.4 6.4 12.8 12.8 12.8z\" class=\"\"><\/path><\/svg><\/i> <img decoding=\"async\" width=\"16\" height=\"16\" alt=\"Loading\" src=\"https:\/\/migueldecervantestomelloso.com\/wp-content\/plugins\/page-views-count\/ajax-loader-2x.gif\" border=0 \/><\/p>\n<div class=\"pvc_clear\"><\/div>\n","protected":false},"author":1,"featured_media":0,"parent":0,"menu_order":0,"comment_status":"closed","ping_status":"closed","template":"","meta":{"om_disable_all_campaigns":false,"_monsterinsights_skip_tracking":false,"_monsterinsights_sitenote_active":false,"_monsterinsights_sitenote_note":"","_monsterinsights_sitenote_category":0,"footnotes":""},"class_list":["post-732","page","type-page","status-publish","hentry"],"aioseo_notices":[],"a3_pvc":{"activated":true,"total_views":121,"today_views":0},"_links":{"self":[{"href":"https:\/\/migueldecervantestomelloso.com\/index.php?rest_route=\/wp\/v2\/pages\/732","targetHints":{"allow":["GET"]}}],"collection":[{"href":"https:\/\/migueldecervantestomelloso.com\/index.php?rest_route=\/wp\/v2\/pages"}],"about":[{"href":"https:\/\/migueldecervantestomelloso.com\/index.php?rest_route=\/wp\/v2\/types\/page"}],"author":[{"embeddable":true,"href":"https:\/\/migueldecervantestomelloso.com\/index.php?rest_route=\/wp\/v2\/users\/1"}],"replies":[{"embeddable":true,"href":"https:\/\/migueldecervantestomelloso.com\/index.php?rest_route=%2Fwp%2Fv2%2Fcomments&post=732"}],"version-history":[{"count":3,"href":"https:\/\/migueldecervantestomelloso.com\/index.php?rest_route=\/wp\/v2\/pages\/732\/revisions"}],"predecessor-version":[{"id":1192,"href":"https:\/\/migueldecervantestomelloso.com\/index.php?rest_route=\/wp\/v2\/pages\/732\/revisions\/1192"}],"wp:attachment":[{"href":"https:\/\/migueldecervantestomelloso.com\/index.php?rest_route=%2Fwp%2Fv2%2Fmedia&parent=732"}],"curies":[{"name":"wp","href":"https:\/\/api.w.org\/{rel}","templated":true}]}}